{"id":308,"date":"2018-09-25T14:27:51","date_gmt":"2018-09-25T12:27:51","guid":{"rendered":"https:\/\/www.servicelines.it\/?page_id=308"},"modified":"2021-12-03T09:12:18","modified_gmt":"2021-12-03T08:12:18","slug":"privacy-policy-selmag-s-r-l","status":"publish","type":"page","link":"https:\/\/www.servicelines.it\/en\/privacy-policy-selmag-s-r-l\/","title":{"rendered":"Privacy Policy SELMAG S.r.l."},"content":{"rendered":"<p>Informativa ex art. 13 Regolamento UE 2016\/679<\/p>\n<p>SELMAG S.r.l., desidera informarVi che il Regolamento EU 2016\/679 prevede la tutela delle persone e di altri soggetti rispetto al trattamento dei dati personali.<br \/>\nSecondo la normativa indicata, tale trattamento sar\u00e0 improntato ai principi di correttezza, liceit\u00e0 e trasparenza e di tutela della Vostra riservatezza e dei Vostri diritti.<br \/>\nAi sensi dell&#8217;articolo 13 del Regolamento pertanto, Vi forniamo le seguenti informazioni:<\/p>\n<p>IDENTIT\u00c0 E DATI DI CONTATTO DEL TITOLARE\/RESPONSABILE DEL TRATTAMENTO<br \/>\nSELMAG S.r.l. svolge attivit\u00e0 di gestione e recupero del credito per conto di committenti.<br \/>\nNell\u2019ambito di tale attivit\u00e0, SELMAG S.r.l. \u00e8 nominata Responsabile del Trattamento da parte delle committenti Titolari del Trattamento.<br \/>\nSELMAG S.r.l., tuttavia al fine di adempiere a propri obblighi di legge, tratta i dati personali anche in qualit\u00e0 di Titolare del Trattamento, nella persona del legale rappresentante in carica pro-tempore, che ha sede in Bergamo \u2013 Via Ghislandi, 24 \u2013 24125\t<\/p>\n<p>DATI DI CONTATTO DEL RESPONSABILE DELLA PROTEZIONE DEI DATI<br \/>\nSELMAG S.r.l. ha nominato un Responsabile della Protezione dei dati che pu\u00f2 essere contattato oltre che presso la sede della Societ\u00e0 anche a mezzo posta elettronica all\u2019indirizzo contatti.dpo@abcd.space <\/p>\n<p>FINALIT\u00c0 E BASE GIURIDICA DEL TRATTAMENTO<br \/>\nSELMAG S.r.l. desidera informarla che per l\u2019esecuzione degli incarichi ricevuti \u00e8 necessario il trattamento dei dati acquisiti:<\/p>\n<p>\u2022\tattraverso comunicazione delle proprie committenti &#8211;  si tratta delle informazioni di regola fornite dall\u2019interessato in sede di conclusione del contratto e relative ai rapporti negoziali;<br \/>\n\u2022\tverbalmente direttamente presso l\u2019interessato o tramite consultazione di fonti terze.<\/p>\n<p>Con riferimento a tali dati, la scrivente societ\u00e0 garantisce che:<br \/>\n\u2022\til trattamento \u00e8 improntato ai principi di liceit\u00e0 e correttezza ed \u00e8 eseguito nella piena tutela dei diritti dell\u2019interessato e della sua riservatezza;<br \/>\n\u2022\til trattamento ha per oggetto dati personali indispensabili per l\u2019esercizio dell\u2019attivit\u00e0 di gestione e recupero stragiudiziale del credito;<br \/>\n\u2022\til trattamento \u00e8 finalizzato ad un\u2019efficace gestione dei diritti di credito vantati nei confronti dell\u2019interessato dalle nostre committenti;<\/p>\n<p>Ferma restando la facolt\u00e0 di SELMAG S.r.l. di acquisire informazioni attraverso terzi, nel rispetto di quanto previsto dal Regolamento UE 2016\/679 oltre che dal Provvedimento del Garante per la Protezione dei Dati Personali in tema di recupero crediti (30 novembre 2005), il conferimento dei dati da parte dell\u2019interessato ha natura facoltativa; l\u2019eventuale rifiuto comporta, tuttavia, il fallimento del mandato bonario affidatoci ed il possibile avvio di un\u2019azione giudiziale finalizzata al recupero giudiziale del credito.<\/p>\n<p>EVENTUALI CATEGORIE DI DESTINATARI DEI DATI PERSONALI.<br \/>\nI dati acquisiti secondo le modalit\u00e0 descritte nel precedente punto, potranno formare oggetto di ogni altra opportuna operazione relativa al conseguimento delle predette finalit\u00e0 anche per mezzo di soggetti specificamente autorizzati quali consulenti, dipendenti e altri collaboratori a ci\u00f2 abilitati per i trattamenti necessari o connessi alle finalit\u00e0 in parola.<br \/>\nMODALIT\u00c0 DEL TRATTAMENTO E TEMPI DI CONSERVAZIONE<br \/>\nAl termine dell\u2019incarico ricevuto, i dati riservati dell\u2019interessato sono conservati esclusivamente per consentire a SELMAG S.r.l. il corretto adempimento ad obblighi di legge e per poter rendicontare, ove necessario, l\u2019attivit\u00e0 svolta.<br \/>\nIn ogni caso, una volta terminato l\u2019incarico, i dati relativi al rapporto contrattuale di cui era parte l\u2019interessato vengono resi indisponibili ai soggetti autorizzati, ai quali non \u00e8 consentita alcuna ulteriore consultazione.<br \/>\nI dati sono trattati con mezzi manuali e\/o con strumenti informatici e, in ogni caso, SELMAG S.r.l. garantisce l\u2019osservanza di ogni misura cautelativa della loro sicurezza e riservatezza.<br \/>\nI dati sono conservati e trattati presso la sede della SELMAG S.r.l.;<\/p>\n<p>DIRITTI DELL\u2019INTERESSATO<br \/>\nIn ogni momento potr\u00e0 ottenere l\u2019accesso ai propri dati personali, la rettifica o la cancellazione degli stessi ai sensi degli articoli, rispettivamente, 15, 16 e 17 del Reg. UE 2016\/679.<br \/>\nAi sensi degli articoli 18, 20 e 21 del medesimo Regolamento ha inoltre il diritto di chiedere la limitazione del trattamento, la portabilit\u00e0 dei dati che la riguardano (se applicabile) nonch\u00e9 di opporsi, per motivi legittimi, al loro trattamento.<br \/>\nI diritti di cui sopra potranno essere esercitati direttamente nei confronti delle committenti Titolari del trattamento e\/o nei confronti di SELMAG S.r.l., in relazione ai trattamenti dalla stessa effettuati in qualit\u00e0 di Titolare,  a mezzo:<br \/>\n\u2013  e-mail all\u2019indirizzo: mail@servicelines.it<br \/>\n\u2013  posta ordinaria: SELMAG S.r.l. \u2013 Bergamo \u2013 Via Ghislandi, 24 \u2013 24125<\/p>\n<p>Ai medesimi recapiti \u00e8 altres\u00ec possibile richiedere ulteriori informazioni, ivi compresi i riferimenti degli eventuali responsabili del trattamento.<br \/>\nRECLAMO AD UNA AUTORIT\u00c0 DI CONTROLLO<br \/>\nSe la risposta ad un&#8217;istanza con cui l\u2019interessato ha esercitato uno o pi\u00f9 dei diritti di cui sopra non dovesse pervenire nei tempi indicati o non dovesse risultare soddisfacente, l\u2019interessato potr\u00e0 far valere i propri diritti dinanzi all&#8217;Autorit\u00e0 Giudiziaria o rivolgendosi al Garante per la Protezione dei Dati Personali. <\/p>\n<p>Informativa ex art. 13 Regolamento UE 2016\/679<br \/>\n(registrazione conversazioni telefoniche)<\/p>\n<p>SELMAG S.r.l., desidera informarVi che il Regolamento EU 2016\/679 prevede la tutela delle persone e di altri soggetti rispetto al trattamento dei dati personali.<br \/>\nSecondo la normativa indicata, tale trattamento sar\u00e0 improntato ai principi di correttezza, liceit\u00e0 e trasparenza e di tutela della Vostra riservatezza e dei Vostri diritti.<br \/>\nAi sensi dell&#8217;articolo 13 del Regolamento pertanto, Vi forniamo le seguenti informazioni:<\/p>\n<p>IDENTIT\u00c0 E DATI DI CONTATTO DEL TITOLARE DEL TRATTAMENTO<br \/>\nIl Titolare del Trattamento \u00e8 SELMAG S.R.L., in personale del legale rappresentante in carica pro-tempore, con sede legale in Bergamo \u2013 Via Ghislandi, 24 \u2013 24125.<br \/>\nSELMAG S.r.l. svolge attivit\u00e0 di gestione e recupero del credito per conto di committenti.<br \/>\nDATI DI CONTATTO DEL RESPONSABILE DELLA PROTEZIONE DEI DATI<br \/>\nSELMAG S.r.l. ha nominato un Responsabile della Protezione dei Dati che pu\u00f2 essere contattato oltre che presso la sede della Societ\u00e0 anche a mezzo posta elettronica all\u2019indirizzo contatti.dpo@abcd.space <\/p>\n<p>FINALIT\u00c0 E BASE GIURIDICA DEL TRATTAMENTO<br \/>\nIl trattamento, nella forma della registrazione delle conversazioni telefoniche, cui saranno sottoposti i dati personali richiesti, \u00e8 diretto esclusivamente alle seguenti finalit\u00e0:<br \/>\na) tutelare il patrimonio aziendale da eventuali danni che potrebbero derivare in caso di contestazioni in merito al contenuto dei contatti telefonici;<br \/>\nb) predisporre uno strumento per consentire il miglioramento delle competenze professionali del personale, fermo restando che i dati vengono anonimizzati;<br \/>\nc) consentire a SELMAG S.r.l. di rispondere in modo puntuale alle eventuali richieste della Autorit\u00e0 Giudiziaria;<br \/>\nd) monitorare la qualit\u00e0 del servizio.<br \/>\nSELMAG S.r.l. per mezzo dei propri operatori, d\u00e0 informativa agli interessati contattati circa la registrazione delle conversazioni telefoniche secondo quanto indicato nel presente documento.<br \/>\nQualora la registrazione debba essere comunicata alle committenti della SELMAG, al termine dell\u2019informativa viene richiesto il consenso alla comunicazione della registrazione.<br \/>\nIn tutti gli altri casi, considerato che la registrazione avviene anche per finalit\u00e0 di difesa, e dunque per il perseguimento di un interesse legittimo ai sensi dell\u2019art. 6 let. f) del Regolamento UE 2016\/679, non \u00e8 richiesto il consenso alla registrazione.<\/p>\n<p>EVENTUALI CATEGORIE DI DESTINATARI DEI DATI PERSONALI.<br \/>\nI dati personali acquisiti potranno formare oggetto di ogni altra opportuna operazione relativa al conseguimento delle predette finalit\u00e0 anche per mezzo di soggetti specificamente autorizzati quali consulenti, dipendenti e altri collaboratori a ci\u00f2 abilitati per i trattamenti necessari o connessi alle finalit\u00e0 in parola.<br \/>\nI dati, comprese le registrazioni telefoniche degli stessi, potranno essere comunicati e\/o trasferiti e\/o resi accessibili alle societ\u00e0 committenti per le finalit\u00e0 di cui al punto precedente.<\/p>\n<p>MODALIT\u00c0 DEL TRATTAMENTO E TEMPI DI CONSERVAZIONE<br \/>\nLe registrazioni delle telefonate saranno conservate per un tempo di 5 anni, decorrente dall\u2019effettuazione della registrazione.<br \/>\nI tempi di conservazione sono coerenti con le finalit\u00e0 sopradescritte ed in particolare con le esigenze di difesa e coincidono con i termini di prescrizione delle azioni di risarcimento del danno da illecito extracontrattuale.<br \/>\nIn ogni caso, le registrazioni delle telefonate vengono rese indisponibili ai soggetti autorizzati, ai quali non \u00e8 consentita alcun ulteriore trattamento.<br \/>\nLe registrazioni sono effettuate e conservate presso la sede della SELMAG S.r.l.;<\/p>\n<p>DIRITTI DELL\u2019INTERESSATO<br \/>\nIn ogni momento potr\u00e0 ottenere l\u2019accesso ai propri dati personali, la rettifica o la cancellazione degli stessi ai sensi degli articoli, rispettivamente, 15, 16 e 17 del Reg. UE 2016\/679.<br \/>\nAi sensi degli articoli 18, 20 e 21 del medesimo Regolamento ha inoltre il diritto di chiedere la limitazione del trattamento, la portabilit\u00e0 dei dati che la riguardano (se applicabile) nonch\u00e9 di opporsi, per motivi legittimi, al loro trattamento.<br \/>\nI diritti di cui sopra potranno essere esercitati direttamente nei confronti del Titolare del Trattamento a mezzo:<br \/>\n\u2013  e-mail all\u2019indirizzo: mail@servicelines.it<br \/>\n\u2013  posta ordinaria: SELMAG S.r.l. \u2013 Bergamo \u2013 Via Ghislandi, 24 \u2013 24125<\/p>\n<p>RECLAMO AD UNA AUTORIT\u00c0 DI CONTROLLO<br \/>\nSe la risposta ad un&#8217;istanza con cui l\u2019interessato ha esercitato uno o pi\u00f9 dei diritti di cui sopra non dovesse pervenire nei tempi indicati o non dovesse risultare soddisfacente, l\u2019interessato potr\u00e0 far valere i propri diritti dinanzi all&#8217;Autorit\u00e0 Giudiziaria o rivolgendosi al Garante per la Protezione dei Dati Personali.<\/p>\n<p><\/p>","protected":false},"excerpt":{"rendered":"<p>Informativa ex art. 13 Regolamento UE 2016\/679 SELMAG S.r.l., desidera informarVi che il Regolamento EU 2016\/679 prevede la tutela delle persone e di altri soggetti rispetto al trattamento dei dati personali. Secondo la normativa indicata, tale trattamento sar\u00e0 improntato ai principi di correttezza, liceit\u00e0 e trasparenza e di tutela della Vostra riservatezza e dei Vostri &hellip; <a href=\"https:\/\/www.servicelines.it\/en\/privacy-policy-selmag-s-r-l\/\" class=\"more-link\">Continue reading<span class=\"screen-reader-text\"> &#8220;Privacy Policy SELMAG S.r.l.&#8221;<\/span><\/a><\/p>\n","protected":false},"author":1,"featured_media":0,"parent":0,"menu_order":0,"comment_status":"closed","ping_status":"closed","template":"","meta":{"_acf_changed":false,"footnotes":""},"class_list":["post-308","page","type-page","status-publish","hentry"],"acf":[],"_links":{"self":[{"href":"https:\/\/www.servicelines.it\/en\/wp-json\/wp\/v2\/pages\/308","targetHints":{"allow":["GET"]}}],"collection":[{"href":"https:\/\/www.servicelines.it\/en\/wp-json\/wp\/v2\/pages"}],"about":[{"href":"https:\/\/www.servicelines.it\/en\/wp-json\/wp\/v2\/types\/page"}],"author":[{"embeddable":true,"href":"https:\/\/www.servicelines.it\/en\/wp-json\/wp\/v2\/users\/1"}],"replies":[{"embeddable":true,"href":"https:\/\/www.servicelines.it\/en\/wp-json\/wp\/v2\/comments?post=308"}],"version-history":[{"count":3,"href":"https:\/\/www.servicelines.it\/en\/wp-json\/wp\/v2\/pages\/308\/revisions"}],"predecessor-version":[{"id":419,"href":"https:\/\/www.servicelines.it\/en\/wp-json\/wp\/v2\/pages\/308\/revisions\/419"}],"wp:attachment":[{"href":"https:\/\/www.servicelines.it\/en\/wp-json\/wp\/v2\/media?parent=308"}],"curies":[{"name":"wp","href":"https:\/\/api.w.org\/{rel}","templated":true}]}}